{"id":57,"date":"2024-11-28T09:36:45","date_gmt":"2024-11-28T09:36:45","guid":{"rendered":"https:\/\/sust3dfashion.eu\/?page_id=57"},"modified":"2026-02-18T13:48:11","modified_gmt":"2026-02-18T13:48:11","slug":"results","status":"publish","type":"page","link":"https:\/\/sust3dfashion.eu\/fr\/results\/","title":{"rendered":"R\u00e9sultats"},"content":{"rendered":"<div data-elementor-type=\"wp-page\" data-elementor-id=\"57\" class=\"elementor elementor-57\" data-elementor-post-type=\"page\">\n\t\t\t\t<div class=\"elementor-element elementor-element-76b8de6 e-con-full e-flex e-con e-parent\" data-id=\"76b8de6\" data-element_type=\"container\" data-e-type=\"container\" data-settings=\"{&quot;background_background&quot;:&quot;classic&quot;}\">\n\t\t<div class=\"elementor-element elementor-element-7ccb606 e-con-full e-flex e-con e-child\" data-id=\"7ccb606\" data-element_type=\"container\" data-e-type=\"container\">\n\t\t<div class=\"elementor-element elementor-element-68879b2 e-con-full e-flex e-con e-child\" data-id=\"68879b2\" data-element_type=\"container\" data-e-type=\"container\">\n\t\t\t\t<div class=\"elementor-element elementor-element-85b55eb elementor-widget elementor-widget-text-editor\" data-id=\"85b55eb\" data-element_type=\"widget\" data-e-type=\"widget\" data-widget_type=\"text-editor.default\">\n\t\t\t\t\t\t\t\t\t<p><span data-contrast=\"auto\">Sust3DFashion vise \u00e0 innover et \u00e0 num\u00e9riser le secteur du textile et de la mode gr\u00e2ce \u00e0 la conception et \u00e0 l'impression 3D, en promouvant la circularit\u00e9 et la durabilit\u00e9. Le projet se concentre sur l'\u00e9volution de l'enseignement professionnel vers les outils num\u00e9riques, en permettant aux prestataires d'enseignement professionnel de cr\u00e9er et d'\u00e9valuer des supports d'apprentissage num\u00e9riques. Nous avons d\u00e9velopp\u00e9 un MOOC pour les experts de l'industrie afin d'am\u00e9liorer les comp\u00e9tences en mati\u00e8re de conception et d'impression 3D. Le projet s'attaque au d\u00e9clin de l'artisanat textile europ\u00e9en en tirant parti de la num\u00e9risation pour pr\u00e9server les comp\u00e9tences et le patrimoine traditionnels. En int\u00e9grant les concepts de l'industrie 4.0, Sust3DFashion vise \u00e0 assurer l'avenir de la fabrication europ\u00e9enne du textile et de la mode gr\u00e2ce \u00e0 des pratiques durables et circulaires.<\/span><span data-ccp-props=\"{&quot;201341983&quot;:0,&quot;335559739&quot;:160,&quot;335559740&quot;:259}\">\u00a0<\/span><\/p>\t\t\t\t\t\t\t\t<\/div>\n\t\t\t\t<\/div>\n\t\t\t\t<\/div>\n\t\t<div class=\"elementor-element elementor-element-84083a9 e-con-full e-flex e-con e-child\" data-id=\"84083a9\" data-element_type=\"container\" data-e-type=\"container\">\n\t\t<div class=\"elementor-element elementor-element-852754d e-con-full e-flex e-con e-child\" data-id=\"852754d\" data-element_type=\"container\" data-e-type=\"container\">\n\t\t\t\t<div class=\"elementor-element elementor-element-95e43f1 elementor-widget elementor-widget-image\" data-id=\"95e43f1\" data-element_type=\"widget\" data-e-type=\"widget\" data-widget_type=\"image.default\">\n\t\t\t\t\t\t\t\t\t\t\t\t\t\t\t<img fetchpriority=\"high\" decoding=\"async\" width=\"950\" height=\"634\" src=\"https:\/\/sust3dfashion.eu\/wp-content\/uploads\/2026\/02\/ChatGPT-Image-Feb-18-2026-11_17_56-AM-1024x683.png\" class=\"attachment-large size-large wp-image-266\" alt=\"\" srcset=\"https:\/\/sust3dfashion.eu\/wp-content\/uploads\/2026\/02\/ChatGPT-Image-Feb-18-2026-11_17_56-AM-1024x683.png 1024w, https:\/\/sust3dfashion.eu\/wp-content\/uploads\/2026\/02\/ChatGPT-Image-Feb-18-2026-11_17_56-AM-300x200.png 300w, https:\/\/sust3dfashion.eu\/wp-content\/uploads\/2026\/02\/ChatGPT-Image-Feb-18-2026-11_17_56-AM-18x12.png 18w, https:\/\/sust3dfashion.eu\/wp-content\/uploads\/2026\/02\/ChatGPT-Image-Feb-18-2026-11_17_56-AM.png 1536w\" sizes=\"100vw\" \/>\t\t\t\t\t\t\t\t\t\t\t\t\t\t\t<\/div>\n\t\t\t\t<\/div>\n\t\t<div class=\"elementor-element elementor-element-c89807e e-con-full e-flex e-con e-child\" data-id=\"c89807e\" data-element_type=\"container\" data-e-type=\"container\">\n\t\t\t\t<div class=\"elementor-element elementor-element-2461ecb elementor-widget elementor-widget-heading\" data-id=\"2461ecb\" data-element_type=\"widget\" data-e-type=\"widget\" data-widget_type=\"heading.default\">\n\t\t\t\t\t<h2 class=\"elementor-heading-title elementor-size-default\">Rapport de recherche du consortium<\/h2>\t\t\t\t<\/div>\n\t\t\t\t<div class=\"elementor-element elementor-element-175824b elementor-align-center elementor-widget elementor-widget-button\" data-id=\"175824b\" data-element_type=\"widget\" data-e-type=\"widget\" data-widget_type=\"button.default\">\n\t\t\t\t\t\t\t\t\t\t<a class=\"elementor-button elementor-button-link elementor-size-sm elementor-animation-bounce-in\" href=\"https:\/\/sust3dfashion.eu\/wp-content\/uploads\/2026\/02\/Consortium-DESK-Research_-Best-Practices-Sust3DFashion.pdf\" target=\"_blank\">\n\t\t\t\t\t\t<span class=\"elementor-button-content-wrapper\">\n\t\t\t\t\t\t\t\t\t<span class=\"elementor-button-text\">Voir le rapport de recherche<\/span>\n\t\t\t\t\t<\/span>\n\t\t\t\t\t<\/a>\n\t\t\t\t\t\t\t\t<\/div>\n\t\t\t\t<\/div>\n\t\t\t\t<\/div>\n\t\t<div class=\"elementor-element elementor-element-0337b42 e-con-full e-flex e-con e-child\" data-id=\"0337b42\" data-element_type=\"container\" data-e-type=\"container\">\n\t\t<div class=\"elementor-element elementor-element-08310db e-con-full e-flex e-con e-child\" data-id=\"08310db\" data-element_type=\"container\" data-e-type=\"container\">\n\t\t\t\t<div class=\"elementor-element elementor-element-67ec0f3 elementor-widget elementor-widget-heading\" data-id=\"67ec0f3\" data-element_type=\"widget\" data-e-type=\"widget\" data-widget_type=\"heading.default\">\n\t\t\t\t\t<h2 class=\"elementor-heading-title elementor-size-default\">MANUEL DE MENTORAT<\/h2>\t\t\t\t<\/div>\n\t\t\t\t<div class=\"elementor-element elementor-element-ccfac90 elementor-align-center elementor-widget elementor-widget-button\" data-id=\"ccfac90\" data-element_type=\"widget\" data-e-type=\"widget\" data-widget_type=\"button.default\">\n\t\t\t\t\t\t\t\t\t\t<a class=\"elementor-button elementor-button-link elementor-size-sm elementor-animation-bounce-in\" href=\"https:\/\/sust3dfashion.eu\/wp-content\/uploads\/2026\/02\/Mentoring-handbook-30_10_2025-V2.docx_compressed.pdf\" target=\"_blank\">\n\t\t\t\t\t\t<span class=\"elementor-button-content-wrapper\">\n\t\t\t\t\t\t\t\t\t<span class=\"elementor-button-text\">Guide du mentorat<\/span>\n\t\t\t\t\t<\/span>\n\t\t\t\t\t<\/a>\n\t\t\t\t\t\t\t\t<\/div>\n\t\t\t\t<\/div>\n\t\t<div class=\"elementor-element elementor-element-714869d e-con-full e-flex e-con e-child\" data-id=\"714869d\" data-element_type=\"container\" data-e-type=\"container\">\n\t\t\t\t<div class=\"elementor-element elementor-element-d5569e1 elementor-widget elementor-widget-image\" data-id=\"d5569e1\" data-element_type=\"widget\" data-e-type=\"widget\" data-widget_type=\"image.default\">\n\t\t\t\t\t\t\t\t\t\t\t\t\t\t\t<img decoding=\"async\" width=\"950\" height=\"634\" src=\"https:\/\/sust3dfashion.eu\/wp-content\/uploads\/2026\/02\/ChatGPT-Image-Feb-18-2026-11_12_44-AM-1024x683.png\" class=\"attachment-large size-large wp-image-264\" alt=\"\" srcset=\"https:\/\/sust3dfashion.eu\/wp-content\/uploads\/2026\/02\/ChatGPT-Image-Feb-18-2026-11_12_44-AM-1024x683.png 1024w, https:\/\/sust3dfashion.eu\/wp-content\/uploads\/2026\/02\/ChatGPT-Image-Feb-18-2026-11_12_44-AM-300x200.png 300w, https:\/\/sust3dfashion.eu\/wp-content\/uploads\/2026\/02\/ChatGPT-Image-Feb-18-2026-11_12_44-AM-18x12.png 18w, https:\/\/sust3dfashion.eu\/wp-content\/uploads\/2026\/02\/ChatGPT-Image-Feb-18-2026-11_12_44-AM.png 1536w\" sizes=\"100vw\" \/>\t\t\t\t\t\t\t\t\t\t\t\t\t\t\t<\/div>\n\t\t\t\t<\/div>\n\t\t\t\t<\/div>\n\t\t<div class=\"elementor-element elementor-element-34ee311 e-con-full e-flex e-con e-child\" data-id=\"34ee311\" data-element_type=\"container\" data-e-type=\"container\">\n\t\t<div class=\"elementor-element elementor-element-fea9823 e-con-full e-flex e-con e-child\" data-id=\"fea9823\" data-element_type=\"container\" data-e-type=\"container\">\n\t\t\t\t<div class=\"elementor-element elementor-element-84b2555 elementor-widget elementor-widget-image\" data-id=\"84b2555\" data-element_type=\"widget\" data-e-type=\"widget\" data-widget_type=\"image.default\">\n\t\t\t\t\t\t\t\t\t\t\t\t\t\t\t<img decoding=\"async\" width=\"950\" height=\"661\" src=\"https:\/\/sust3dfashion.eu\/wp-content\/uploads\/2026\/02\/ChatGPT-Image-Feb-18-2026-11_11_18-AM-e1771422442470-1024x712.png\" class=\"attachment-large size-large wp-image-263\" alt=\"\" srcset=\"https:\/\/sust3dfashion.eu\/wp-content\/uploads\/2026\/02\/ChatGPT-Image-Feb-18-2026-11_11_18-AM-e1771422442470-1024x712.png 1024w, https:\/\/sust3dfashion.eu\/wp-content\/uploads\/2026\/02\/ChatGPT-Image-Feb-18-2026-11_11_18-AM-e1771422442470-300x209.png 300w, https:\/\/sust3dfashion.eu\/wp-content\/uploads\/2026\/02\/ChatGPT-Image-Feb-18-2026-11_11_18-AM-e1771422442470-18x12.png 18w, https:\/\/sust3dfashion.eu\/wp-content\/uploads\/2026\/02\/ChatGPT-Image-Feb-18-2026-11_11_18-AM-e1771422442470-768x534.png 768w, https:\/\/sust3dfashion.eu\/wp-content\/uploads\/2026\/02\/ChatGPT-Image-Feb-18-2026-11_11_18-AM-e1771422442470.png 1467w\" sizes=\"100vw\" \/>\t\t\t\t\t\t\t\t\t\t\t\t\t\t\t<\/div>\n\t\t\t\t<\/div>\n\t\t<div class=\"elementor-element elementor-element-4820bdf e-con-full e-flex e-con e-child\" data-id=\"4820bdf\" data-element_type=\"container\" data-e-type=\"container\">\n\t\t\t\t<div class=\"elementor-element elementor-element-821074f elementor-widget elementor-widget-heading\" data-id=\"821074f\" data-element_type=\"widget\" data-e-type=\"widget\" data-widget_type=\"heading.default\">\n\t\t\t\t\t<h2 class=\"elementor-heading-title elementor-size-default\">SUST3Dmode<br>MOOC<\/h2>\t\t\t\t<\/div>\n\t\t\t\t<div class=\"elementor-element elementor-element-d54712d elementor-widget elementor-widget-text-editor\" data-id=\"d54712d\" data-element_type=\"widget\" data-e-type=\"widget\" data-widget_type=\"text-editor.default\">\n\t\t\t\t\t\t\t\t\t<p>Un ensemble de modules techniques de haute qualit\u00e9 ax\u00e9s sur la conception et l'impression 3D, avec un accent particulier sur son application dans le secteur du textile et de la mode. Chaque module comprendra des tutoriels vid\u00e9o, des chapitres th\u00e9oriques et des outils d'auto-\u00e9valuation.<\/p>\t\t\t\t\t\t\t\t<\/div>\n\t\t\t\t<div class=\"elementor-element elementor-element-5fa8dab elementor-align-center elementor-widget elementor-widget-button\" data-id=\"5fa8dab\" data-element_type=\"widget\" data-e-type=\"widget\" data-widget_type=\"button.default\">\n\t\t\t\t\t\t\t\t\t\t<a class=\"elementor-button elementor-button-link elementor-size-sm elementor-animation-bounce-in\" href=\"https:\/\/mooc.sust3dfashion.eu\/\">\n\t\t\t\t\t\t<span class=\"elementor-button-content-wrapper\">\n\t\t\t\t\t\t\t\t\t<span class=\"elementor-button-text\">Commencez \u00e0 apprendre !<\/span>\n\t\t\t\t\t<\/span>\n\t\t\t\t\t<\/a>\n\t\t\t\t\t\t\t\t<\/div>\n\t\t\t\t<\/div>\n\t\t\t\t<\/div>\n\t\t\t\t<\/div>\n\t\t<div class=\"elementor-element elementor-element-e05d305 e-flex e-con-boxed e-con e-parent\" data-id=\"e05d305\" data-element_type=\"container\" data-e-type=\"container\">\n\t\t\t\t\t<div class=\"e-con-inner\">\n\t\t\t\t\t<\/div>\n\t\t\t\t<\/div>\n\t\t\t\t<\/div>","protected":false},"excerpt":{"rendered":"<p>Sust3DFashion aims to innovate and digitalize the textile and fashion sector through 3D design and printing, promoting circularity and sustainability. The project focuses on shifting VET education towards digital tools, enabling VET providers to create and assess digital learning materials. We developed a MOOC for industry experts to enhance skills in 3D design and printing. &hellip; <\/p>\n<p class=\"link-more\"><a href=\"https:\/\/sust3dfashion.eu\/fr\/results\/\" class=\"more-link\">Lire la suite de<span class=\"screen-reader-text\">\u00ab\u00a0Results\u00a0\u00bb<\/span><\/a><\/p>","protected":false},"author":2,"featured_media":110,"parent":0,"menu_order":0,"comment_status":"closed","ping_status":"closed","template":"","meta":{"_inspiro_hide_title":false,"footnotes":""},"class_list":["post-57","page","type-page","status-publish","has-post-thumbnail","hentry"],"_links":{"self":[{"href":"https:\/\/sust3dfashion.eu\/fr\/wp-json\/wp\/v2\/pages\/57","targetHints":{"allow":["GET"]}}],"collection":[{"href":"https:\/\/sust3dfashion.eu\/fr\/wp-json\/wp\/v2\/pages"}],"about":[{"href":"https:\/\/sust3dfashion.eu\/fr\/wp-json\/wp\/v2\/types\/page"}],"author":[{"embeddable":true,"href":"https:\/\/sust3dfashion.eu\/fr\/wp-json\/wp\/v2\/users\/2"}],"replies":[{"embeddable":true,"href":"https:\/\/sust3dfashion.eu\/fr\/wp-json\/wp\/v2\/comments?post=57"}],"version-history":[{"count":37,"href":"https:\/\/sust3dfashion.eu\/fr\/wp-json\/wp\/v2\/pages\/57\/revisions"}],"predecessor-version":[{"id":463,"href":"https:\/\/sust3dfashion.eu\/fr\/wp-json\/wp\/v2\/pages\/57\/revisions\/463"}],"wp:featuredmedia":[{"embeddable":true,"href":"https:\/\/sust3dfashion.eu\/fr\/wp-json\/wp\/v2\/media\/110"}],"wp:attachment":[{"href":"https:\/\/sust3dfashion.eu\/fr\/wp-json\/wp\/v2\/media?parent=57"}],"curies":[{"name":"wp","href":"https:\/\/api.w.org\/{rel}","templated":true}]}}